{"id":71,"date":"2017-07-15T11:15:39","date_gmt":"2017-07-15T11:15:39","guid":{"rendered":"https:\/\/abc-heidelberg.de\/?page_id=71"},"modified":"2017-10-27T08:18:21","modified_gmt":"2017-10-27T08:18:21","slug":"beschriftungen","status":"publish","type":"page","link":"https:\/\/abc-heidelberg.de\/?page_id=71","title":{"rendered":"Beschriftungen"},"content":{"rendered":"<p><strong>Fahrzeug- &amp; Schaufensterbeschriftung<br \/>\n<\/strong>Fahrzeuge und Schaufenster sind eine g\u00fcnstige Werbefl\u00e4che!<br \/>\nMit einer professionellen Beschriftung erh\u00f6hen Sie auf einfachste Weise Ihren Bekanntheitsgrad. Ihr Fahrzeug, sowie ihr Schaufenster werden potentiellen Kunden, direkt in Ihrem Umkreis, t\u00e4glich ins Auge fallen, d.h. Sie verdienen damit Geld.<br \/>\nWir bieten Ihnen Beschriftung mit speziell hierf\u00fcr entwickelten Folien. Aber auch als Digitaldruck f\u00fcr Ihre Fotos oder Pr\u00e4sentationen Ihres Sortiments.<br \/>\nEntsprechende Beschriftungen werden von uns nicht nur gefertigt, sondern auch bei Ihnen vor Ort oder auf Ihrem KFZ angebracht.<\/p>\n<p><strong>Service &amp; Produkte<br \/>\n<\/strong>Fahrzeugbeschriftungen f\u00fcr PKW und Nutzfahrzeuge<br \/>\nBeschriftungen f\u00fcr Schaufensterscheiben<br \/>\nBeschriftungen f\u00fcr Glas-, T\u00fcren und Scheiben<br \/>\nTransparente Folien f\u00fcr Glasscheiben im Innen- und Au\u00dfenbereich<\/p>\n","protected":false},"excerpt":{"rendered":"<p>Fahrzeug- &amp; Schaufensterbeschriftung Fahrzeuge und Schaufenster sind eine g\u00fcnstige Werbefl\u00e4che! Mit einer professionellen Beschriftung erh\u00f6hen Sie auf einfachste Weise Ihren Bekanntheitsgrad. Ihr Fahrzeug, sowie ihr Schaufenster werden potentiellen Kunden, direkt in Ihrem Umkreis, t\u00e4glich ins Auge fallen, d.h. Sie verdienen damit Geld. Wir bieten Ihnen Beschriftung mit speziell hierf\u00fcr entwickelten Folien. Aber auch als Digitaldruck<\/p>\n<div class=\"read_more\"><a href=\"https:\/\/abc-heidelberg.de\/?page_id=71\"><span class=\"btn btn-xl btn-primary\">Read more &rarr;<\/span><\/a><\/div>\n","protected":false},"author":1,"featured_media":0,"parent":0,"menu_order":0,"comment_status":"closed","ping_status":"closed","template":"","meta":[],"_links":{"self":[{"href":"https:\/\/abc-heidelberg.de\/index.php?rest_route=\/wp\/v2\/pages\/71"}],"collection":[{"href":"https:\/\/abc-heidelberg.de\/index.php?rest_route=\/wp\/v2\/pages"}],"about":[{"href":"https:\/\/abc-heidelberg.de\/index.php?rest_route=\/wp\/v2\/types\/page"}],"author":[{"embeddable":true,"href":"https:\/\/abc-heidelberg.de\/index.php?rest_route=\/wp\/v2\/users\/1"}],"replies":[{"embeddable":true,"href":"https:\/\/abc-heidelberg.de\/index.php?rest_route=%2Fwp%2Fv2%2Fcomments&post=71"}],"version-history":[{"count":2,"href":"https:\/\/abc-heidelberg.de\/index.php?rest_route=\/wp\/v2\/pages\/71\/revisions"}],"predecessor-version":[{"id":102,"href":"https:\/\/abc-heidelberg.de\/index.php?rest_route=\/wp\/v2\/pages\/71\/revisions\/102"}],"wp:attachment":[{"href":"https:\/\/abc-heidelberg.de\/index.php?rest_route=%2Fwp%2Fv2%2Fmedia&parent=71"}],"curies":[{"name":"wp","href":"https:\/\/api.w.org\/{rel}","templated":true}]}}