{"id":69,"date":"2017-07-15T11:15:11","date_gmt":"2017-07-15T11:15:11","guid":{"rendered":"https:\/\/abc-heidelberg.de\/?page_id=69"},"modified":"2017-10-27T08:19:46","modified_gmt":"2017-10-27T08:19:46","slug":"grafik","status":"publish","type":"page","link":"https:\/\/abc-heidelberg.de\/?page_id=69","title":{"rendered":"Grafik"},"content":{"rendered":"<p><strong>Gesch\u00e4ftspapiere, Flyer und Visitenkarten<br \/>\n<\/strong>Die Gesch\u00e4ftsausstattung ist die Umsetzung Ihres Corporate Designs. Im einfachen Fall sind dies Briefpapier und Visitenkarte. Komplexer sind dann: Kurzbrief, Briefumschlag, Faxvorlage, Stempel, Dokumentenvorlage, Mappen, Flyer- und Plakatvorlagen. Das bedeutet f\u00fcr Sie: geringe Kosten in Entwurf und Druck, minimaler Abstimmungsaufwand. Diese &#8222;Gesch\u00e4ftspapiere&#8220; geh\u00f6ren zur Grundausstattung eines jeden Unternehmens.<\/p>\n<p>Knapp und informativ, mit den wesentlichen Informationen und den passenden Bildern &#8211; so soll ein guter Flyer sein und so bekommen Sie ihn von uns. Der Flyer ist die kosteng\u00fcnstigste und knappe Darstellung Ihrer Firma, Produkte und Veranstaltungen. Egal ob Zick-Zack-, Wickel-, Parallel- oder Altarfalz. \u201eJe nach Bedarf und alles aus einer Hand\u201c<\/p>\n<p>&nbsp;<\/p>\n<p class=\"Rot\"><strong>Grafische Leistungen<br \/>\n<\/strong>Wir gestalten Ihr Firmenlogo und \u00fcbernehmen grafische Arbeiten. Entw\u00fcrfe inklusive Reinzeichnung, Korrekturabz\u00fcge, Bearbeiten von Logos und Bildern werden von uns, f\u00fcr die Montage Ihres Firmenschildes oder f\u00fcr Ihres neuen Stempels gefertigt.<\/p>\n<p>Alle einmal erstellten grafischen Arbeiten werden bei uns archiviert und k\u00f6nnen bei Bedarf jederzeit abgerufen und verwendet werden. Das erspart Ihnen Zeit und Geld!<\/p>\n","protected":false},"excerpt":{"rendered":"<p>Gesch\u00e4ftspapiere, Flyer und Visitenkarten Die Gesch\u00e4ftsausstattung ist die Umsetzung Ihres Corporate Designs. Im einfachen Fall sind dies Briefpapier und Visitenkarte. Komplexer sind dann: Kurzbrief, Briefumschlag, Faxvorlage, Stempel, Dokumentenvorlage, Mappen, Flyer- und Plakatvorlagen. Das bedeutet f\u00fcr Sie: geringe Kosten in Entwurf und Druck, minimaler Abstimmungsaufwand. Diese &#8222;Gesch\u00e4ftspapiere&#8220; geh\u00f6ren zur Grundausstattung eines jeden Unternehmens. Knapp und informativ,<\/p>\n<div class=\"read_more\"><a href=\"https:\/\/abc-heidelberg.de\/?page_id=69\"><span class=\"btn btn-xl btn-primary\">Read more &rarr;<\/span><\/a><\/div>\n","protected":false},"author":1,"featured_media":0,"parent":0,"menu_order":0,"comment_status":"closed","ping_status":"closed","template":"","meta":[],"_links":{"self":[{"href":"https:\/\/abc-heidelberg.de\/index.php?rest_route=\/wp\/v2\/pages\/69"}],"collection":[{"href":"https:\/\/abc-heidelberg.de\/index.php?rest_route=\/wp\/v2\/pages"}],"about":[{"href":"https:\/\/abc-heidelberg.de\/index.php?rest_route=\/wp\/v2\/types\/page"}],"author":[{"embeddable":true,"href":"https:\/\/abc-heidelberg.de\/index.php?rest_route=\/wp\/v2\/users\/1"}],"replies":[{"embeddable":true,"href":"https:\/\/abc-heidelberg.de\/index.php?rest_route=%2Fwp%2Fv2%2Fcomments&post=69"}],"version-history":[{"count":2,"href":"https:\/\/abc-heidelberg.de\/index.php?rest_route=\/wp\/v2\/pages\/69\/revisions"}],"predecessor-version":[{"id":103,"href":"https:\/\/abc-heidelberg.de\/index.php?rest_route=\/wp\/v2\/pages\/69\/revisions\/103"}],"wp:attachment":[{"href":"https:\/\/abc-heidelberg.de\/index.php?rest_route=%2Fwp%2Fv2%2Fmedia&parent=69"}],"curies":[{"name":"wp","href":"https:\/\/api.w.org\/{rel}","templated":true}]}}