{"id":67,"date":"2017-07-15T11:14:46","date_gmt":"2017-07-15T11:14:46","guid":{"rendered":"https:\/\/abc-heidelberg.de\/?page_id=67"},"modified":"2017-10-27T08:20:50","modified_gmt":"2017-10-27T08:20:50","slug":"stempel","status":"publish","type":"page","link":"https:\/\/abc-heidelberg.de\/?page_id=67","title":{"rendered":"Stempel"},"content":{"rendered":"<p><strong>Stempel aller Art<br \/>\n<\/strong>Stempel aller Art geh\u00f6ren ebenso zu unserer Produktpalette. Egal ob gro\u00df oder klein, mit oder ohne Logo, als Ger\u00e4te- oder Holzstempel &#8211; f\u00fcr uns kein Problem. Und sollten Sie mal ganz dringend einen Stempel ben\u00f6tigen, fertigen wir diesen auch innerhalb weniger Stunden.<\/p>\n<p><strong>Produkte<br \/>\n<\/strong>\u25cf Holzstempel<\/p>\n<p>\u25cf Ger\u00e4testempel<\/p>\n<p>\u25cf Sonderstempel<\/p>\n<p>\u25cf Zahlen- und Datumstempel<\/p>\n<p>\u25cf Ersatz-Stempelkissen<\/p>\n<p>\u25cf Stempelzubeh\u00f6r<\/p>\n","protected":false},"excerpt":{"rendered":"<p>Stempel aller Art Stempel aller Art geh\u00f6ren ebenso zu unserer Produktpalette. Egal ob gro\u00df oder klein, mit oder ohne Logo, als Ger\u00e4te- oder Holzstempel &#8211; f\u00fcr uns kein Problem. Und sollten Sie mal ganz dringend einen Stempel ben\u00f6tigen, fertigen wir diesen auch innerhalb weniger Stunden. Produkte \u25cf Holzstempel \u25cf Ger\u00e4testempel \u25cf Sonderstempel \u25cf Zahlen- und<\/p>\n<div class=\"read_more\"><a href=\"https:\/\/abc-heidelberg.de\/?page_id=67\"><span class=\"btn btn-xl btn-primary\">Read more &rarr;<\/span><\/a><\/div>\n","protected":false},"author":1,"featured_media":0,"parent":0,"menu_order":0,"comment_status":"closed","ping_status":"closed","template":"","meta":[],"_links":{"self":[{"href":"https:\/\/abc-heidelberg.de\/index.php?rest_route=\/wp\/v2\/pages\/67"}],"collection":[{"href":"https:\/\/abc-heidelberg.de\/index.php?rest_route=\/wp\/v2\/pages"}],"about":[{"href":"https:\/\/abc-heidelberg.de\/index.php?rest_route=\/wp\/v2\/types\/page"}],"author":[{"embeddable":true,"href":"https:\/\/abc-heidelberg.de\/index.php?rest_route=\/wp\/v2\/users\/1"}],"replies":[{"embeddable":true,"href":"https:\/\/abc-heidelberg.de\/index.php?rest_route=%2Fwp%2Fv2%2Fcomments&post=67"}],"version-history":[{"count":2,"href":"https:\/\/abc-heidelberg.de\/index.php?rest_route=\/wp\/v2\/pages\/67\/revisions"}],"predecessor-version":[{"id":104,"href":"https:\/\/abc-heidelberg.de\/index.php?rest_route=\/wp\/v2\/pages\/67\/revisions\/104"}],"wp:attachment":[{"href":"https:\/\/abc-heidelberg.de\/index.php?rest_route=%2Fwp%2Fv2%2Fmedia&parent=67"}],"curies":[{"name":"wp","href":"https:\/\/api.w.org\/{rel}","templated":true}]}}